{"id":643,"date":"2024-08-29T10:44:28","date_gmt":"2024-08-29T08:44:28","guid":{"rendered":"https:\/\/www.valfoncipeg.com\/?page_id=643"},"modified":"2024-08-29T17:42:57","modified_gmt":"2024-08-29T15:42:57","slug":"mentions-legales","status":"publish","type":"page","link":"https:\/\/www.valfoncipeg.com\/index.php\/mentions-legales\/","title":{"rendered":"MENTIONS L\u00c9GALES"},"content":{"rendered":"\t\t<div data-elementor-type=\"wp-page\" data-elementor-id=\"643\" class=\"elementor elementor-643\">\n\t\t\t\t<div class=\"elementor-element elementor-element-3d5597f e-flex e-con-boxed e-con e-parent\" data-id=\"3d5597f\" data-element_type=\"container\" data-e-type=\"container\">\n\t\t\t\t\t<div class=\"e-con-inner\">\n\t\t\t\t<div class=\"elementor-element elementor-element-5c9a164 elementor-widget elementor-widget-spacer\" data-id=\"5c9a164\" data-element_type=\"widget\" data-e-type=\"widget\" data-widget_type=\"spacer.default\">\n\t\t\t\t<div class=\"elementor-widget-container\">\n\t\t\t\t\t\t\t<div class=\"elementor-spacer\">\n\t\t\t<div class=\"elementor-spacer-inner\"><\/div>\n\t\t<\/div>\n\t\t\t\t\t\t<\/div>\n\t\t\t\t<\/div>\n\t\t\t\t<div class=\"elementor-element elementor-element-2a1fe62 elementor-widget elementor-widget-image\" data-id=\"2a1fe62\" data-element_type=\"widget\" data-e-type=\"widget\" data-widget_type=\"image.default\">\n\t\t\t\t<div class=\"elementor-widget-container\">\n\t\t\t\t\t\t\t\t\t\t\t\t\t\t\t<img fetchpriority=\"high\" decoding=\"async\" width=\"768\" height=\"317\" src=\"https:\/\/www.valfoncipeg.com\/wp-content\/uploads\/2024\/08\/TRIANGLE-VALFON-cipeg-V3-768x317.png\" class=\"attachment-medium_large size-medium_large wp-image-113\" alt=\"\" srcset=\"https:\/\/www.valfoncipeg.com\/wp-content\/uploads\/2024\/08\/TRIANGLE-VALFON-cipeg-V3-768x317.png 768w, https:\/\/www.valfoncipeg.com\/wp-content\/uploads\/2024\/08\/TRIANGLE-VALFON-cipeg-V3-300x124.png 300w, https:\/\/www.valfoncipeg.com\/wp-content\/uploads\/2024\/08\/TRIANGLE-VALFON-cipeg-V3-1024x423.png 1024w, https:\/\/www.valfoncipeg.com\/wp-content\/uploads\/2024\/08\/TRIANGLE-VALFON-cipeg-V3-1536x634.png 1536w, https:\/\/www.valfoncipeg.com\/wp-content\/uploads\/2024\/08\/TRIANGLE-VALFON-cipeg-V3.png 1880w\" sizes=\"(max-width: 768px) 100vw, 768px\" \/>\t\t\t\t\t\t\t\t\t\t\t\t\t\t\t<\/div>\n\t\t\t\t<\/div>\n\t\t\t\t<div class=\"elementor-element elementor-element-e890d49 animated-slow elementor-invisible elementor-widget elementor-widget-heading\" data-id=\"e890d49\" data-element_type=\"widget\" data-e-type=\"widget\" data-settings=\"{&quot;_animation&quot;:&quot;fadeIn&quot;}\" data-widget_type=\"heading.default\">\n\t\t\t\t<div class=\"elementor-widget-container\">\n\t\t\t\t\t<h2 class=\"elementor-heading-title elementor-size-default\">Mentions l\u00e9gales<\/h2>\t\t\t\t<\/div>\n\t\t\t\t<\/div>\n\t\t\t\t<div class=\"elementor-element elementor-element-e47c78e elementor-widget elementor-widget-spacer\" data-id=\"e47c78e\" data-element_type=\"widget\" data-e-type=\"widget\" data-widget_type=\"spacer.default\">\n\t\t\t\t<div class=\"elementor-widget-container\">\n\t\t\t\t\t\t\t<div class=\"elementor-spacer\">\n\t\t\t<div class=\"elementor-spacer-inner\"><\/div>\n\t\t<\/div>\n\t\t\t\t\t\t<\/div>\n\t\t\t\t<\/div>\n\t\t\t\t\t<\/div>\n\t\t\t\t<\/div>\n\t\t<div class=\"elementor-element elementor-element-6ae20f5 e-flex e-con-boxed e-con e-parent\" data-id=\"6ae20f5\" data-element_type=\"container\" data-e-type=\"container\">\n\t\t\t\t\t<div class=\"e-con-inner\">\n\t\t\t\t<div class=\"elementor-element elementor-element-c9f4f5b elementor-widget elementor-widget-text-editor\" data-id=\"c9f4f5b\" data-element_type=\"widget\" data-e-type=\"widget\" data-widget_type=\"text-editor.default\">\n\t\t\t\t<div class=\"elementor-widget-container\">\n\t\t\t\t\t\t\t\t\t<p>\u00a0<\/p><div class=\"corps\"><div class=\"copyright\"><h2><span style=\"color: #eb432e;\">1. PR\u00c9SENTATION DU SITE.<\/span><\/h2><p>En vertu de l\u2019article 6 de la loi n\u00b0 2004-575 du 21 juin 2004 pour la confiance dans l\u2019\u00e9conomie num\u00e9rique, il est pr\u00e9cis\u00e9 aux utilisateurs du site www.valfoncipeg.com l\u2019identit\u00e9 des diff\u00e9rents intervenants dans le cadre de sa r\u00e9alisation et de son suivi :<\/p><p><strong><u>\u00c9diteur et directeur de publication :<\/u><\/strong><br \/>VALFON<br \/><strong>Si\u00e8ge social :<\/strong><br \/>55 Avenue G\u00e9n\u00e9ral Leclerc<br \/>87100 LIMOGES<br \/><strong>T\u00e9l. :<\/strong> 05 55 79 77 32<br \/><strong>Siret :<\/strong> 51008734900013<\/p><p><strong><u>R\u00e9alisation et h\u00e9bergement :<\/u><\/strong><\/p><p>Conception du site : <a href=\"https:\/\/www.adagecom.fr\/\" target=\"_blank\" rel=\"noopener\">https:\/\/www.adagecom.fr\/<\/a><\/p><p><strong>ADAGE, SARL<\/strong><\/p><p>RCS : Limoges B 379 775 257<br \/>Code APE : 6201Z<br \/>Adresse : 16 CRS JOURDAN, 87000 Limoges<br \/>Contact : pao@adagesa.com<br \/>T\u00e9l\u00e9phone : 05 55 70 51 00<\/p><p><strong>Le site internet est h\u00e9berg\u00e9 par OVH<\/strong><br \/>SAS au capital de 10 069 020\u20ac<br \/>RCS Lille M\u00e9tropole 424 761 419 00045<br \/>Code APE 6202A<br \/>Adresse 2 rue Kellermann \u2013 59100 Roubaix France<br \/>T\u00e9l\u00e9phone : 09 72 10 10 07<\/p><h2><span style=\"color: #eb432e;\">2. CONDITIONS G\u00c9N\u00c9RALES D\u2019UTILISATION DU SITE ET DES SERVICES PROPOS\u00c9S.<\/span><\/h2><p>L\u2019utilisation du site www.valfoncipeg.com et\/ou de l\u2019application mobile associ\u00e9e implique l\u2019acceptation pleine et enti\u00e8re des conditions g\u00e9n\u00e9rales d\u2019utilisation ci-apr\u00e8s d\u00e9crites. Les pr\u00e9sentes conditions g\u00e9n\u00e9rales d\u2019utilisation s\u2019appliquent d\u00e8s la premi\u00e8re utilisation du site et\/ou de l\u2019application mobile<\/p><p>Tout Utilisateur, en acc\u00e9dant et utilisant au Site Internet et\/ou l\u2019Application, d\u00e9clare avoir pris connaissance des pr\u00e9sentes Conditions G\u00e9n\u00e9rales d\u2019Utilisation et les accepter express\u00e9ment sans r\u00e9serve et\/ou modification de quelque nature que ce soit.<\/p><p>Ces conditions d\u2019utilisation sont susceptibles d\u2019\u00eatre modifi\u00e9es ou compl\u00e9t\u00e9es \u00e0 tout moment, les utilisateurs du site www.valfoncipeg.com et\/ou de l\u2019application mobile associ\u00e9e sont donc invit\u00e9s \u00e0 les consulter de mani\u00e8re r\u00e9guli\u00e8re.<\/p><p>Aussi, VALFON se r\u00e9serve le droit de modifier, \u00e0 tout moment et sans pr\u00e9avis, tout ou partie des conditions g\u00e9n\u00e9rales d\u2019utilisation. Les modifications entrent en vigueur \u00e0 compter de la date de mise en ligne, sauf indication contraire. Les conditions g\u00e9n\u00e9rales d\u2019utilisation entrent en vigueur \u00e0 la date de leur mise en ligne sur le site Internet et\/ou sur l\u2019Application mobile.<\/p><p>Ce site et\/ou de l\u2019application mobile associ\u00e9e est normalement accessible \u00e0 tout moment aux utilisateurs. Une interruption pour raison de maintenance technique peut \u00eatre toutefois d\u00e9cid\u00e9e par VALFON, qui s\u2019efforcera alors de communiquer pr\u00e9alablement aux utilisateurs les dates et heures de l\u2019intervention.<\/p><p>Le site www.valfoncipeg.com et\/ou de l\u2019application mobile associ\u00e9e sont mis \u00e0 jour r\u00e9guli\u00e8rement par VALFON.<\/p><p>En utilisant le site, l\u2019internaute s\u2019engage \u00e0 prendre connaissance des mentions l\u00e9gales, respecter les pr\u00e9sentes conditions d\u2019utilisation du Site et faire un usage strictement personnel du site. Dans le cas o\u00f9 un utilisateur n\u2019accepte pas les modifications apport\u00e9es aux conditions g\u00e9n\u00e9rales d\u2019utilisation, il devra cesser toute utilisation<\/p><h2><span style=\"color: #eb432e;\">3. DESCRIPTION DES SERVICES FOURNIS.<\/span><\/h2><p>Le site www.valfoncipeg.com et\/ou de l\u2019application mobile associ\u00e9e ont pour objet de fournir une information concernant l\u2019ensemble des activit\u00e9s de la soci\u00e9t\u00e9.<\/p><p>VALFON s\u2019efforce de fournir sur le site www.valfoncipeg.com et\/ou l\u2019application mobile associ\u00e9e des informations aussi pr\u00e9cises que possible. Toutefois, elle ne pourra \u00eatre tenue responsable des omissions, des inexactitudes et des carences dans la mise \u00e0 jour, qu\u2019elles soient de son fait ou du fait des tiers partenaires qui lui fournissent ces informations.<\/p><p>Toutes les informations indiqu\u00e9es sur le site www.valfoncipeg.com et\/ou l\u2019application mobile associ\u00e9e sont donn\u00e9es \u00e0 titre indicatif, et sont susceptibles d\u2019\u00e9voluer. Par ailleurs, les renseignements figurant sur le site www.valfoncipeg.com et\/ou l\u2019application mobile associ\u00e9e ne sont pas exhaustifs. Ils sont donn\u00e9s sous r\u00e9serve de modifications ayant \u00e9t\u00e9 apport\u00e9es depuis leur mise en ligne.<\/p><h2><span style=\"color: #eb432e;\">4. LIMITATIONS CONTRACTUELLES SUR LES DONN\u00c9ES TECHNIQUES.<\/span><\/h2><p>Le site utilise la technologie JavaScript.<\/p><p>Le site Internet et\/ou \u00e0 l\u2019application mobile ne pourra \u00eatre tenu responsable de dommages mat\u00e9riels li\u00e9s \u00e0 l\u2019utilisation du site et\/ou \u00e0 l\u2019application mobile. De plus, l\u2019utilisateur du site s\u2019engage \u00e0 acc\u00e9der au site en utilisant un mat\u00e9riel r\u00e9cent, ne contenant pas de virus et avec un navigateur de derni\u00e8re g\u00e9n\u00e9ration mis \u00e0 jour.<\/p><h2><span style=\"color: #eb432e;\">5. CR\u00c9DIT PHOTOS :<\/span><\/h2><p>Fotolia &#8211; Tous droits r\u00e9serv\u00e9s.<br \/>Adobe Stock &#8211; Tous droits r\u00e9serv\u00e9s.<\/p><h2><span style=\"color: #eb432e;\">6. PROPRI\u00c9T\u00c9 INTELLECTUELLE ET CONTREFA\u00c7ONS.<\/span><\/h2><p>Toute reproduction, repr\u00e9sentation, publication, adaptation de tout ou partie des \u00e9l\u00e9ments du site et\/ou de l\u2019application mobile associ\u00e9e, quel que soit le moyen ou le proc\u00e9d\u00e9 utilis\u00e9, est interdite, sauf autorisation \u00e9crite pr\u00e9alable de : Futur Digital.<\/p><p>Toute exploitation non autoris\u00e9e du site et\/ou de l\u2019application mobile associ\u00e9e ou de l\u2019un des \u00e9l\u00e9ments qu\u2019ils contiennent sera consid\u00e9r\u00e9e comme constitutive d\u2019une contrefa\u00e7on et poursuivie conform\u00e9ment aux dispositions des articles L.335-2 et suivants du Code de Propri\u00e9t\u00e9 Intellectuelle.<\/p><h2><span style=\"color: #eb432e;\">7. LIMITATIONS DE RESPONSABILIT\u00c9.<\/span><\/h2><p>VALFON ne pourra \u00eatre tenue responsable des dommages directs et indirects caus\u00e9s au mat\u00e9riel de l\u2019utilisateur, lors de l\u2019acc\u00e8s au site www.valfoncipeg.com et\/ou \u00e0 l\u2019application mobile associ\u00e9e, et r\u00e9sultant soit de l\u2019utilisation d\u2019un mat\u00e9riel ne r\u00e9pondant pas aux sp\u00e9cifications indiqu\u00e9es au point 4, soit de l\u2019apparition d\u2019un bug ou d\u2019une incompatibilit\u00e9.<\/p><p>VALFON ne saurait \u00eatre responsable du contenu des sites et\/ou des applications en connexion avec son site internet et\/ou son application mobile par le biais des liens hypertextes.<\/p><p>VALFON ne pourra \u00e9galement \u00eatre tenue responsable des dommages indirects (tels par exemple qu\u2019une perte de march\u00e9 ou perte d\u2019une chance) cons\u00e9cutifs \u00e0 l\u2019utilisation du site www.valfoncipeg.com et\/ou de l\u2019application mobile associ\u00e9e.<\/p><p>Des espaces interactifs (possibilit\u00e9 de poser des questions dans l\u2019espace contact) sont \u00e0 la disposition des utilisateurs. VALFON se r\u00e9serve le droit de supprimer, sans mise en demeure pr\u00e9alable, tout contenu d\u00e9pos\u00e9 dans cet espace qui contreviendrait \u00e0 la l\u00e9gislation applicable en France, en particulier aux dispositions relatives \u00e0 la protection des donn\u00e9es. Le cas \u00e9ch\u00e9ant, VALFON se r\u00e9serve \u00e9galement la possibilit\u00e9 de mettre en cause la responsabilit\u00e9 civile et\/ou p\u00e9nale de l\u2019utilisateur, notamment en cas de message \u00e0 caract\u00e8re raciste, injurieux, diffamant, ou pornographique, quel que soit le support utilis\u00e9 (texte, photographie\u2026).<\/p><h2><span style=\"color: #eb432e;\">8. LISTE D&rsquo;OPPOSITION AU D\u00c9MARCHAGE T\u00c9L\u00c9PHONIQUE.<\/span><\/h2><p>Vous pouvez vous inscrire gratuitement sur la liste nationale d\u2019opposition au d\u00e9marchage t\u00e9l\u00e9phonique sur le site internet bloctel.gouv.fr ou en \u00e9crivant \u00e0 Worldline \u2013 Service Bloctel, CS 61311 \u2013 41013 Blois Cedex.<\/p><p>Cette inscription entra\u00eenera l\u2019interdiction pour tout professionnel, et tout interm\u00e9diaire agissant pour son compte, de vous d\u00e9marcher t\u00e9l\u00e9phoniquement, sauf en cas de relations contractuelles pr\u00e9existantes ou de consentement sp\u00e9cifique de votre part.<\/p><h2><span style=\"color: #eb432e;\">9. LIENS HYPERTEXTES ET COOKIES.<\/span><\/h2><p>La navigation sur le site www.valfoncipeg.com est susceptible de provoquer l\u2019installation de cookie(s) sur l\u2019ordinateur de l\u2019utilisateur. Un cookie est un fichier de petite taille, qui ne permet pas l\u2019identification de l\u2019utilisateur, mais qui enregistre des informations relatives \u00e0 la navigation d\u2019un ordinateur sur un site. Les donn\u00e9es ainsi obtenues visent \u00e0 faciliter la navigation ult\u00e9rieure sur le site, et ont \u00e9galement vocation \u00e0 permettre diverses mesures de fr\u00e9quentation.<\/p><p>Le refus d\u2019installation d\u2019un cookie peut entra\u00eener l\u2019impossibilit\u00e9 d\u2019acc\u00e9der \u00e0 certains services. Pour plus d\u2019informations consultez notre <a href=\"https:\/\/www.fdmanager.fr\/elements\/politique-cookies.pdf\" target=\"_blank\" rel=\"noopener\">politique d\u2019utilisation des cookies<\/a>.<\/p><h2><span style=\"color: #eb432e;\">10. LES PRINCIPALES LOIS CONCERN\u00c9ES.<\/span><\/h2><p>Loi n\u00b0 78-87 du 6 janvier 1978, notamment modifi\u00e9e par la loi n\u00b0 2004-801 du 6 ao\u00fbt 2004 relative \u00e0 l\u2019informatique, aux fichiers et aux libert\u00e9s et par le R\u00e8glement g\u00e9n\u00e9ral sur la protection des donn\u00e9es du 27 avril 2016.<\/p><p>Loi n\u00b0 2004-575 du 21 juin 2004 pour la confiance dans l\u2019\u00e9conomie num\u00e9rique.<\/p><h2><span style=\"color: #eb432e;\">11. LEXIQUE.<\/span><\/h2><p>Utilisateur : Internaute se connectant, utilisant le site ou l\u2019application susnomm\u00e9.<\/p><p>Informations personnelles : \u00ab les informations qui permettent, sous quelque forme que ce soit, directement ou non, l\u2019identification des personnes physiques auxquelles elles s\u2019appliquent \u00bb (article 4 de la loi n\u00b0 78-17 du 6 janvier 1978).<\/p><h2><span style=\"color: #eb432e;\">12. PARTENAIRES :<\/span><\/h2><p>L&rsquo;ensemble des partenaires de VALFON et d&rsquo;Adage communication visibles sur la page partenaires ont un droit de modification de leur information en effectuant la demande \u00e0 adagecom.fr<\/p><\/div><\/div><p>\u00a0<\/p><footer class=\"hide-print pied\"><div class=\"bande3\"><div class=\"row row1\"><div id=\"contact-form\" class=\"contact\"><div class=\"formulaire contact-footer\"><h2 class=\"h1\">\u00a0<\/h2><\/div><\/div><\/div><\/div><\/footer>\t\t\t\t\t\t\t\t<\/div>\n\t\t\t\t<\/div>\n\t\t\t\t<div class=\"elementor-element elementor-element-c84c644 elementor-hidden-tablet elementor-hidden-mobile elementor-widget elementor-widget-spacer\" data-id=\"c84c644\" data-element_type=\"widget\" data-e-type=\"widget\" data-widget_type=\"spacer.default\">\n\t\t\t\t<div class=\"elementor-widget-container\">\n\t\t\t\t\t\t\t<div class=\"elementor-spacer\">\n\t\t\t<div class=\"elementor-spacer-inner\"><\/div>\n\t\t<\/div>\n\t\t\t\t\t\t<\/div>\n\t\t\t\t<\/div>\n\t\t\t\t\t<\/div>\n\t\t\t\t<\/div>\n\t\t\t\t<\/div>\n\t\t","protected":false},"excerpt":{"rendered":"<p>Mentions l\u00e9gales \u00a0 1. PR\u00c9SENTATION DU SITE. En vertu de l\u2019article 6 de la loi n\u00b0 2004-575 du 21 juin 2004 pour la confiance dans l\u2019\u00e9conomie num\u00e9rique, il est pr\u00e9cis\u00e9 aux utilisateurs du site www.valfoncipeg.com l\u2019identit\u00e9 des diff\u00e9rents intervenants dans le cadre de sa r\u00e9alisation et de son suivi : \u00c9diteur et directeur de publication [&hellip;]<\/p>\n","protected":false},"author":3,"featured_media":0,"parent":0,"menu_order":0,"comment_status":"closed","ping_status":"closed","template":"","meta":{"footnotes":""},"class_list":["post-643","page","type-page","status-publish","hentry"],"yoast_head":"<!-- This site is optimized with the Yoast SEO plugin v27.4 - https:\/\/yoast.com\/product\/yoast-seo-wordpress\/ -->\n<title>MENTIONS L\u00c9GALES - Valfoncipeg<\/title>\n<meta name=\"robots\" content=\"index, follow, max-snippet:-1, max-image-preview:large, max-video-preview:-1\" \/>\n<link rel=\"canonical\" href=\"https:\/\/www.valfoncipeg.com\/index.php\/mentions-legales\/\" \/>\n<meta property=\"og:locale\" content=\"fr_FR\" \/>\n<meta property=\"og:type\" content=\"article\" \/>\n<meta property=\"og:title\" content=\"MENTIONS L\u00c9GALES - Valfoncipeg\" \/>\n<meta property=\"og:description\" content=\"Mentions l\u00e9gales \u00a0 1. PR\u00c9SENTATION DU SITE. En vertu de l\u2019article 6 de la loi n\u00b0 2004-575 du 21 juin 2004 pour la confiance dans l\u2019\u00e9conomie num\u00e9rique, il est pr\u00e9cis\u00e9 aux utilisateurs du site www.valfoncipeg.com l\u2019identit\u00e9 des diff\u00e9rents intervenants dans le cadre de sa r\u00e9alisation et de son suivi : \u00c9diteur et directeur de publication [&hellip;]\" \/>\n<meta property=\"og:url\" content=\"https:\/\/www.valfoncipeg.com\/index.php\/mentions-legales\/\" \/>\n<meta property=\"og:site_name\" content=\"Valfoncipeg\" \/>\n<meta property=\"article:modified_time\" content=\"2024-08-29T15:42:57+00:00\" \/>\n<meta property=\"og:image\" content=\"https:\/\/www.valfoncipeg.com\/wp-content\/uploads\/2024\/08\/TRIANGLE-VALFON-cipeg-V3-768x317.png\" \/>\n<meta name=\"twitter:card\" content=\"summary_large_image\" \/>\n<meta name=\"twitter:label1\" content=\"Dur\u00e9e de lecture estim\u00e9e\" \/>\n\t<meta name=\"twitter:data1\" content=\"7 minutes\" \/>\n<script type=\"application\/ld+json\" class=\"yoast-schema-graph\">{\"@context\":\"https:\\\/\\\/schema.org\",\"@graph\":[{\"@type\":\"WebPage\",\"@id\":\"https:\\\/\\\/www.valfoncipeg.com\\\/index.php\\\/mentions-legales\\\/\",\"url\":\"https:\\\/\\\/www.valfoncipeg.com\\\/index.php\\\/mentions-legales\\\/\",\"name\":\"MENTIONS L\u00c9GALES - Valfoncipeg\",\"isPartOf\":{\"@id\":\"https:\\\/\\\/www.valfoncipeg.com\\\/#website\"},\"primaryImageOfPage\":{\"@id\":\"https:\\\/\\\/www.valfoncipeg.com\\\/index.php\\\/mentions-legales\\\/#primaryimage\"},\"image\":{\"@id\":\"https:\\\/\\\/www.valfoncipeg.com\\\/index.php\\\/mentions-legales\\\/#primaryimage\"},\"thumbnailUrl\":\"https:\\\/\\\/www.valfoncipeg.com\\\/wp-content\\\/uploads\\\/2024\\\/08\\\/TRIANGLE-VALFON-cipeg-V3-768x317.png\",\"datePublished\":\"2024-08-29T08:44:28+00:00\",\"dateModified\":\"2024-08-29T15:42:57+00:00\",\"breadcrumb\":{\"@id\":\"https:\\\/\\\/www.valfoncipeg.com\\\/index.php\\\/mentions-legales\\\/#breadcrumb\"},\"inLanguage\":\"fr-FR\",\"potentialAction\":[{\"@type\":\"ReadAction\",\"target\":[\"https:\\\/\\\/www.valfoncipeg.com\\\/index.php\\\/mentions-legales\\\/\"]}]},{\"@type\":\"ImageObject\",\"inLanguage\":\"fr-FR\",\"@id\":\"https:\\\/\\\/www.valfoncipeg.com\\\/index.php\\\/mentions-legales\\\/#primaryimage\",\"url\":\"https:\\\/\\\/www.valfoncipeg.com\\\/wp-content\\\/uploads\\\/2024\\\/08\\\/TRIANGLE-VALFON-cipeg-V3.png\",\"contentUrl\":\"https:\\\/\\\/www.valfoncipeg.com\\\/wp-content\\\/uploads\\\/2024\\\/08\\\/TRIANGLE-VALFON-cipeg-V3.png\",\"width\":1880,\"height\":776},{\"@type\":\"BreadcrumbList\",\"@id\":\"https:\\\/\\\/www.valfoncipeg.com\\\/index.php\\\/mentions-legales\\\/#breadcrumb\",\"itemListElement\":[{\"@type\":\"ListItem\",\"position\":1,\"name\":\"Accueil\",\"item\":\"https:\\\/\\\/www.valfoncipeg.com\\\/\"},{\"@type\":\"ListItem\",\"position\":2,\"name\":\"MENTIONS L\u00c9GALES\"}]},{\"@type\":\"WebSite\",\"@id\":\"https:\\\/\\\/www.valfoncipeg.com\\\/#website\",\"url\":\"https:\\\/\\\/www.valfoncipeg.com\\\/\",\"name\":\"Valfoncipeg\",\"description\":\"Faire appel aux prestations de VALFON-CIPEG, c&#039;est opter pour l&#039;excellence !\",\"publisher\":{\"@id\":\"https:\\\/\\\/www.valfoncipeg.com\\\/#organization\"},\"potentialAction\":[{\"@type\":\"SearchAction\",\"target\":{\"@type\":\"EntryPoint\",\"urlTemplate\":\"https:\\\/\\\/www.valfoncipeg.com\\\/?s={search_term_string}\"},\"query-input\":{\"@type\":\"PropertyValueSpecification\",\"valueRequired\":true,\"valueName\":\"search_term_string\"}}],\"inLanguage\":\"fr-FR\"},{\"@type\":\"Organization\",\"@id\":\"https:\\\/\\\/www.valfoncipeg.com\\\/#organization\",\"name\":\"Valfoncipeg\",\"url\":\"https:\\\/\\\/www.valfoncipeg.com\\\/\",\"logo\":{\"@type\":\"ImageObject\",\"inLanguage\":\"fr-FR\",\"@id\":\"https:\\\/\\\/www.valfoncipeg.com\\\/#\\\/schema\\\/logo\\\/image\\\/\",\"url\":\"https:\\\/\\\/www.valfoncipeg.com\\\/wp-content\\\/uploads\\\/2024\\\/08\\\/LOGO-VALFON-cipeg-V3.png\",\"contentUrl\":\"https:\\\/\\\/www.valfoncipeg.com\\\/wp-content\\\/uploads\\\/2024\\\/08\\\/LOGO-VALFON-cipeg-V3.png\",\"width\":1917,\"height\":1339,\"caption\":\"Valfoncipeg\"},\"image\":{\"@id\":\"https:\\\/\\\/www.valfoncipeg.com\\\/#\\\/schema\\\/logo\\\/image\\\/\"}}]}<\/script>\n<!-- \/ Yoast SEO plugin. -->","yoast_head_json":{"title":"MENTIONS L\u00c9GALES - Valfoncipeg","robots":{"index":"index","follow":"follow","max-snippet":"max-snippet:-1","max-image-preview":"max-image-preview:large","max-video-preview":"max-video-preview:-1"},"canonical":"https:\/\/www.valfoncipeg.com\/index.php\/mentions-legales\/","og_locale":"fr_FR","og_type":"article","og_title":"MENTIONS L\u00c9GALES - Valfoncipeg","og_description":"Mentions l\u00e9gales \u00a0 1. PR\u00c9SENTATION DU SITE. En vertu de l\u2019article 6 de la loi n\u00b0 2004-575 du 21 juin 2004 pour la confiance dans l\u2019\u00e9conomie num\u00e9rique, il est pr\u00e9cis\u00e9 aux utilisateurs du site www.valfoncipeg.com l\u2019identit\u00e9 des diff\u00e9rents intervenants dans le cadre de sa r\u00e9alisation et de son suivi : \u00c9diteur et directeur de publication [&hellip;]","og_url":"https:\/\/www.valfoncipeg.com\/index.php\/mentions-legales\/","og_site_name":"Valfoncipeg","article_modified_time":"2024-08-29T15:42:57+00:00","og_image":[{"url":"https:\/\/www.valfoncipeg.com\/wp-content\/uploads\/2024\/08\/TRIANGLE-VALFON-cipeg-V3-768x317.png","type":"","width":"","height":""}],"twitter_card":"summary_large_image","twitter_misc":{"Dur\u00e9e de lecture estim\u00e9e":"7 minutes"},"schema":{"@context":"https:\/\/schema.org","@graph":[{"@type":"WebPage","@id":"https:\/\/www.valfoncipeg.com\/index.php\/mentions-legales\/","url":"https:\/\/www.valfoncipeg.com\/index.php\/mentions-legales\/","name":"MENTIONS L\u00c9GALES - Valfoncipeg","isPartOf":{"@id":"https:\/\/www.valfoncipeg.com\/#website"},"primaryImageOfPage":{"@id":"https:\/\/www.valfoncipeg.com\/index.php\/mentions-legales\/#primaryimage"},"image":{"@id":"https:\/\/www.valfoncipeg.com\/index.php\/mentions-legales\/#primaryimage"},"thumbnailUrl":"https:\/\/www.valfoncipeg.com\/wp-content\/uploads\/2024\/08\/TRIANGLE-VALFON-cipeg-V3-768x317.png","datePublished":"2024-08-29T08:44:28+00:00","dateModified":"2024-08-29T15:42:57+00:00","breadcrumb":{"@id":"https:\/\/www.valfoncipeg.com\/index.php\/mentions-legales\/#breadcrumb"},"inLanguage":"fr-FR","potentialAction":[{"@type":"ReadAction","target":["https:\/\/www.valfoncipeg.com\/index.php\/mentions-legales\/"]}]},{"@type":"ImageObject","inLanguage":"fr-FR","@id":"https:\/\/www.valfoncipeg.com\/index.php\/mentions-legales\/#primaryimage","url":"https:\/\/www.valfoncipeg.com\/wp-content\/uploads\/2024\/08\/TRIANGLE-VALFON-cipeg-V3.png","contentUrl":"https:\/\/www.valfoncipeg.com\/wp-content\/uploads\/2024\/08\/TRIANGLE-VALFON-cipeg-V3.png","width":1880,"height":776},{"@type":"BreadcrumbList","@id":"https:\/\/www.valfoncipeg.com\/index.php\/mentions-legales\/#breadcrumb","itemListElement":[{"@type":"ListItem","position":1,"name":"Accueil","item":"https:\/\/www.valfoncipeg.com\/"},{"@type":"ListItem","position":2,"name":"MENTIONS L\u00c9GALES"}]},{"@type":"WebSite","@id":"https:\/\/www.valfoncipeg.com\/#website","url":"https:\/\/www.valfoncipeg.com\/","name":"Valfoncipeg","description":"Faire appel aux prestations de VALFON-CIPEG, c&#039;est opter pour l&#039;excellence !","publisher":{"@id":"https:\/\/www.valfoncipeg.com\/#organization"},"potentialAction":[{"@type":"SearchAction","target":{"@type":"EntryPoint","urlTemplate":"https:\/\/www.valfoncipeg.com\/?s={search_term_string}"},"query-input":{"@type":"PropertyValueSpecification","valueRequired":true,"valueName":"search_term_string"}}],"inLanguage":"fr-FR"},{"@type":"Organization","@id":"https:\/\/www.valfoncipeg.com\/#organization","name":"Valfoncipeg","url":"https:\/\/www.valfoncipeg.com\/","logo":{"@type":"ImageObject","inLanguage":"fr-FR","@id":"https:\/\/www.valfoncipeg.com\/#\/schema\/logo\/image\/","url":"https:\/\/www.valfoncipeg.com\/wp-content\/uploads\/2024\/08\/LOGO-VALFON-cipeg-V3.png","contentUrl":"https:\/\/www.valfoncipeg.com\/wp-content\/uploads\/2024\/08\/LOGO-VALFON-cipeg-V3.png","width":1917,"height":1339,"caption":"Valfoncipeg"},"image":{"@id":"https:\/\/www.valfoncipeg.com\/#\/schema\/logo\/image\/"}}]}},"_links":{"self":[{"href":"https:\/\/www.valfoncipeg.com\/index.php\/wp-json\/wp\/v2\/pages\/643","targetHints":{"allow":["GET"]}}],"collection":[{"href":"https:\/\/www.valfoncipeg.com\/index.php\/wp-json\/wp\/v2\/pages"}],"about":[{"href":"https:\/\/www.valfoncipeg.com\/index.php\/wp-json\/wp\/v2\/types\/page"}],"author":[{"embeddable":true,"href":"https:\/\/www.valfoncipeg.com\/index.php\/wp-json\/wp\/v2\/users\/3"}],"replies":[{"embeddable":true,"href":"https:\/\/www.valfoncipeg.com\/index.php\/wp-json\/wp\/v2\/comments?post=643"}],"version-history":[{"count":13,"href":"https:\/\/www.valfoncipeg.com\/index.php\/wp-json\/wp\/v2\/pages\/643\/revisions"}],"predecessor-version":[{"id":836,"href":"https:\/\/www.valfoncipeg.com\/index.php\/wp-json\/wp\/v2\/pages\/643\/revisions\/836"}],"wp:attachment":[{"href":"https:\/\/www.valfoncipeg.com\/index.php\/wp-json\/wp\/v2\/media?parent=643"}],"curies":[{"name":"wp","href":"https:\/\/api.w.org\/{rel}","templated":true}]}}